{"id":52,"date":"2023-01-06T15:28:00","date_gmt":"2023-01-06T13:28:00","guid":{"rendered":"https:\/\/www.finngedi.fi\/?page_id=52"},"modified":"2024-08-30T09:24:13","modified_gmt":"2024-08-30T07:24:13","slug":"ensimmainen-kaynti","status":"publish","type":"page","link":"https:\/\/www.finngedi.fi\/index.php\/ensimmainen-kaynti\/","title":{"rendered":"Ensimm\u00e4inen k\u00e4ynti"},"content":{"rendered":"\t\t<div data-elementor-type=\"wp-page\" data-elementor-id=\"52\" class=\"elementor elementor-52\">\n\t\t\t\t\t\t<section class=\"elementor-section elementor-top-section elementor-element elementor-element-a575a5f elementor-section-boxed elementor-section-height-default elementor-section-height-default\" data-id=\"a575a5f\" data-element_type=\"section\" data-settings=\"{&quot;background_background&quot;:&quot;classic&quot;}\">\n\t\t\t\t\t\t\t<div class=\"elementor-background-overlay\"><\/div>\n\t\t\t\t\t\t\t<div class=\"elementor-container elementor-column-gap-default\">\n\t\t\t\t\t<div class=\"elementor-column elementor-col-100 elementor-top-column elementor-element elementor-element-7462647\" data-id=\"7462647\" data-element_type=\"column\">\n\t\t\t<div class=\"elementor-widget-wrap elementor-element-populated\">\n\t\t\t\t\t\t<div class=\"elementor-element elementor-element-08966fb elementor-widget elementor-widget-image\" data-id=\"08966fb\" data-element_type=\"widget\" data-widget_type=\"image.default\">\n\t\t\t\t<div class=\"elementor-widget-container\">\n\t\t\t<style>\/*! elementor - v3.23.0 - 05-08-2024 *\/\n.elementor-widget-image{text-align:center}.elementor-widget-image a{display:inline-block}.elementor-widget-image a img[src$=\".svg\"]{width:48px}.elementor-widget-image img{vertical-align:middle;display:inline-block}<\/style>\t\t\t\t\t\t\t\t\t\t<img fetchpriority=\"high\" decoding=\"async\" width=\"1024\" height=\"1024\" src=\"https:\/\/www.finngedi.fi\/wp-content\/uploads\/2023\/02\/kollaasi-1024x1024.jpg\" class=\"attachment-large size-large wp-image-316\" alt=\"\" srcset=\"https:\/\/www.finngedi.fi\/wp-content\/uploads\/2023\/02\/kollaasi-1024x1024.jpg 1024w, https:\/\/www.finngedi.fi\/wp-content\/uploads\/2023\/02\/kollaasi-300x300.jpg 300w, https:\/\/www.finngedi.fi\/wp-content\/uploads\/2023\/02\/kollaasi-150x150.jpg 150w, https:\/\/www.finngedi.fi\/wp-content\/uploads\/2023\/02\/kollaasi-768x768.jpg 768w, https:\/\/www.finngedi.fi\/wp-content\/uploads\/2023\/02\/kollaasi-1536x1536.jpg 1536w, https:\/\/www.finngedi.fi\/wp-content\/uploads\/2023\/02\/kollaasi-600x600.jpg 600w, https:\/\/www.finngedi.fi\/wp-content\/uploads\/2023\/02\/kollaasi.jpg 1920w\" sizes=\"(max-width: 1024px) 100vw, 1024px\" \/>\t\t\t\t\t\t\t\t\t\t\t\t\t<\/div>\n\t\t\t\t<\/div>\n\t\t\t\t<div class=\"elementor-element elementor-element-3b65c5d elementor-widget elementor-widget-heading\" data-id=\"3b65c5d\" data-element_type=\"widget\" data-widget_type=\"heading.default\">\n\t\t\t\t<div class=\"elementor-widget-container\">\n\t\t\t<style>\/*! elementor - v3.23.0 - 05-08-2024 *\/\n.elementor-heading-title{padding:0;margin:0;line-height:1}.elementor-widget-heading .elementor-heading-title[class*=elementor-size-]>a{color:inherit;font-size:inherit;line-height:inherit}.elementor-widget-heading .elementor-heading-title.elementor-size-small{font-size:15px}.elementor-widget-heading .elementor-heading-title.elementor-size-medium{font-size:19px}.elementor-widget-heading .elementor-heading-title.elementor-size-large{font-size:29px}.elementor-widget-heading .elementor-heading-title.elementor-size-xl{font-size:39px}.elementor-widget-heading .elementor-heading-title.elementor-size-xxl{font-size:59px}<\/style><h2 class=\"elementor-heading-title elementor-size-default\">Ensimm\u00e4inen k\u00e4ynti<\/h2>\t\t<\/div>\n\t\t\t\t<\/div>\n\t\t\t\t<div class=\"elementor-element elementor-element-51cb403 elementor-widget elementor-widget-text-editor\" data-id=\"51cb403\" data-element_type=\"widget\" data-widget_type=\"text-editor.default\">\n\t\t\t\t<div class=\"elementor-widget-container\">\n\t\t\t<style>\/*! elementor - v3.23.0 - 05-08-2024 *\/\n.elementor-widget-text-editor.elementor-drop-cap-view-stacked .elementor-drop-cap{background-color:#69727d;color:#fff}.elementor-widget-text-editor.elementor-drop-cap-view-framed .elementor-drop-cap{color:#69727d;border:3px solid;background-color:transparent}.elementor-widget-text-editor:not(.elementor-drop-cap-view-default) .elementor-drop-cap{margin-top:8px}.elementor-widget-text-editor:not(.elementor-drop-cap-view-default) .elementor-drop-cap-letter{width:1em;height:1em}.elementor-widget-text-editor .elementor-drop-cap{float:left;text-align:center;line-height:1;font-size:50px}.elementor-widget-text-editor .elementor-drop-cap-letter{display:inline-block}<\/style>\t\t\t\t<p><strong>K\u00e4ynti tutkimushoitajalla, kesto noin 4 tuntia<\/strong><br \/>\u2022 Perusmittauksia (mm. pituus, paino ja kehonkoostumus)<br \/>\u2022 Maksan rasvoittumista ja elastisuutta selvitt\u00e4v\u00e4 ultra\u00e4\u00e4nitutkimus<br \/>\u2022 Verin\u00e4ytteet<br \/>\u2022 Virtsan\u00e4yte p\u00e4iv\u00e4n toisesta pissasta. Eli aamulla voit k\u00e4yd\u00e4 normaalisti pissalla ennen tutkimukseen tuloa<br \/>\u2022 2 tunnin sokerirasituskoe, jos sinulla ei ole aiemmin todettu tyypin 1 tai 2 diabetesta<br \/>\u2022 Kyselylomakeosio, jolla kartoitetaan elintapoihin, el\u00e4m\u00e4ntilanteeseen, psyykkiseen hyvinvointiin ja sukuhistoriaan liittyvi\u00e4 tekij\u00f6it\u00e4 sek\u00e4 mahdollisia sairausoireita<br \/>\u2022 Pieni aamiainen &#8211; ilmoitathan erityisruokavalion ajanvarauksen yhteydess\u00e4<br \/>\u2022 Lyhyt haastattelu esitietolomakkeen pohjalta<br \/>\u2022 Fyysisi\u00e4 testej\u00e4<br \/>\u2022 Tutkimusk\u00e4ynnin yhteydess\u00e4 saat halutessasi \u00a0mukaasi 7 vuorokauden ajaksi kiihtyvyysanturit, jotka mittaavat p\u00e4ivitt\u00e4ist\u00e4 liikunta-aktiivisuutta, unta ja vuorokausirytmi\u00e4.<\/p>\t\t\t\t\t\t<\/div>\n\t\t\t\t<\/div>\n\t\t\t\t<div class=\"elementor-element elementor-element-2c57d66 elementor-widget elementor-widget-heading\" data-id=\"2c57d66\" data-element_type=\"widget\" data-widget_type=\"heading.default\">\n\t\t\t\t<div class=\"elementor-widget-container\">\n\t\t\t<h2 class=\"elementor-heading-title elementor-size-default\">Miten valmistaudun tutkimusp\u00e4iv\u00e4\u00e4n?<\/h2>\t\t<\/div>\n\t\t\t\t<\/div>\n\t\t\t\t<div class=\"elementor-element elementor-element-f3e7b43 elementor-widget elementor-widget-text-editor\" data-id=\"f3e7b43\" data-element_type=\"widget\" data-widget_type=\"text-editor.default\">\n\t\t\t\t<div class=\"elementor-widget-container\">\n\t\t\t\t\t\t\t<p>\u2022 Ajan varattuasi saat s\u00e4hk\u00f6postiisi esitietolomakkeen, t\u00e4yt\u00e4 se s\u00e4hk\u00f6isesti ennen tutkimusk\u00e4ynnille tuloa<br \/>\u2022 Verin\u00e4ytteet ovat paaston\u00e4ytteit\u00e4. T\u00e4m\u00e4n vuoksi sinun tulisi olla sy\u00f6m\u00e4tt\u00e4, juomatta, pureskelematta purukumia ja tupakoimatta 12 tuntia ennen n\u00e4ytteenottoa. Mik\u00e4li sinulla on aamuisin otettava s\u00e4\u00e4nn\u00f6llinen l\u00e4\u00e4kitys, ota l\u00e4\u00e4kkeesi normaalisti pienen vesim\u00e4\u00e4r\u00e4n kera. <br \/>\u2022 Tullessasi tutkimuksiin pukeudu mukaviin, joustaviin vaatteisiin fyysisi\u00e4 testej\u00e4 varten. Suosittelemme j\u00e4tt\u00e4m\u00e4\u00e4n korut kotiin (kehonkoostumus-mittaus suoritetaan ilman koruja).<\/p><p><strong>Tutkimuspaikka Oulun yliopistollinen sairaala, vanha rakennusosa N, N2, 3.kerros (entinen \u00e4itiyspoliklinikka).<\/strong><\/p>\t\t\t\t\t\t<\/div>\n\t\t\t\t<\/div>\n\t\t\t\t<div class=\"elementor-element elementor-element-1fd48b1 elementor-align-left elementor-widget elementor-widget-button\" data-id=\"1fd48b1\" data-element_type=\"widget\" data-widget_type=\"button.default\">\n\t\t\t\t<div class=\"elementor-widget-container\">\n\t\t\t\t\t<div class=\"elementor-button-wrapper\">\n\t\t\t<a class=\"elementor-button elementor-button-link elementor-size-sm\" href=\"https:\/\/www.finngedi.fi\/index.php\/yhteystiedot\/\">\n\t\t\t\t\t\t<span class=\"elementor-button-content-wrapper\">\n\t\t\t\t\t\t\t\t\t<span class=\"elementor-button-text\">Yhteystiedot<\/span>\n\t\t\t\t\t<\/span>\n\t\t\t\t\t<\/a>\n\t\t<\/div>\n\t\t\t\t<\/div>\n\t\t\t\t<\/div>\n\t\t\t\t<div class=\"elementor-element elementor-element-df64c66 elementor-align-left elementor-widget elementor-widget-button\" data-id=\"df64c66\" data-element_type=\"widget\" data-widget_type=\"button.default\">\n\t\t\t\t<div class=\"elementor-widget-container\">\n\t\t\t\t\t<div class=\"elementor-button-wrapper\">\n\t\t\t<a class=\"elementor-button elementor-button-link elementor-size-sm\" href=\"https:\/\/www.finngedi.fi\/index.php\/ajanvaraus\/\">\n\t\t\t\t\t\t<span class=\"elementor-button-content-wrapper\">\n\t\t\t\t\t\t\t\t\t<span class=\"elementor-button-text\">Ajanvaraus<\/span>\n\t\t\t\t\t<\/span>\n\t\t\t\t\t<\/a>\n\t\t<\/div>\n\t\t\t\t<\/div>\n\t\t\t\t<\/div>\n\t\t\t\t\t<\/div>\n\t\t<\/div>\n\t\t\t\t\t<\/div>\n\t\t<\/section>\n\t\t\t\t<\/div>\n\t\t","protected":false},"excerpt":{"rendered":"<p>Ensimm\u00e4inen k\u00e4ynti K\u00e4ynti tutkimushoitajalla, kesto noin 4 tuntia\u2022 Perusmittauksia (mm. pituus, paino ja kehonkoostumus)\u2022 Maksan rasvoittumista ja elastisuutta selvitt\u00e4v\u00e4 ultra\u00e4\u00e4nitutkimus\u2022 Verin\u00e4ytteet\u2022 Virtsan\u00e4yte p\u00e4iv\u00e4n toisesta pissasta. Eli aamulla voit k\u00e4yd\u00e4 normaalisti pissalla ennen tutkimukseen tuloa\u2022 2 tunnin sokerirasituskoe, jos sinulla ei ole aiemmin todettu tyypin 1 tai 2 diabetesta\u2022 Kyselylomakeosio, jolla kartoitetaan elintapoihin, el\u00e4m\u00e4ntilanteeseen, psyykkiseen hyvinvointiin [&hellip;]<\/p>\n","protected":false},"author":1,"featured_media":0,"parent":0,"menu_order":0,"comment_status":"closed","ping_status":"closed","template":"elementor_header_footer","meta":{"om_disable_all_campaigns":false,"_monsterinsights_skip_tracking":false,"_monsterinsights_sitenote_active":false,"_monsterinsights_sitenote_note":"","_monsterinsights_sitenote_category":0},"aioseo_notices":[],"_links":{"self":[{"href":"https:\/\/www.finngedi.fi\/index.php\/wp-json\/wp\/v2\/pages\/52"}],"collection":[{"href":"https:\/\/www.finngedi.fi\/index.php\/wp-json\/wp\/v2\/pages"}],"about":[{"href":"https:\/\/www.finngedi.fi\/index.php\/wp-json\/wp\/v2\/types\/page"}],"author":[{"embeddable":true,"href":"https:\/\/www.finngedi.fi\/index.php\/wp-json\/wp\/v2\/users\/1"}],"replies":[{"embeddable":true,"href":"https:\/\/www.finngedi.fi\/index.php\/wp-json\/wp\/v2\/comments?post=52"}],"version-history":[{"count":26,"href":"https:\/\/www.finngedi.fi\/index.php\/wp-json\/wp\/v2\/pages\/52\/revisions"}],"predecessor-version":[{"id":419,"href":"https:\/\/www.finngedi.fi\/index.php\/wp-json\/wp\/v2\/pages\/52\/revisions\/419"}],"wp:attachment":[{"href":"https:\/\/www.finngedi.fi\/index.php\/wp-json\/wp\/v2\/media?parent=52"}],"curies":[{"name":"wp","href":"https:\/\/api.w.org\/{rel}","templated":true}]}}