{"id":27,"date":"2022-12-25T16:11:00","date_gmt":"2022-12-25T14:11:00","guid":{"rendered":"https:\/\/www.finngedi.fi\/?page_id=27"},"modified":"2024-08-30T07:38:34","modified_gmt":"2024-08-30T05:38:34","slug":"saapuminen","status":"publish","type":"page","link":"https:\/\/www.finngedi.fi\/index.php\/saapuminen\/","title":{"rendered":"Saapuminen"},"content":{"rendered":"\t\t<div data-elementor-type=\"wp-page\" data-elementor-id=\"27\" class=\"elementor elementor-27\">\n\t\t\t\t\t\t<section class=\"elementor-section elementor-top-section elementor-element elementor-element-938276a elementor-section-boxed elementor-section-height-default elementor-section-height-default\" data-id=\"938276a\" data-element_type=\"section\" data-settings=\"{&quot;background_background&quot;:&quot;classic&quot;}\">\n\t\t\t\t\t\t\t<div class=\"elementor-background-overlay\"><\/div>\n\t\t\t\t\t\t\t<div class=\"elementor-container elementor-column-gap-default\">\n\t\t\t\t\t<div class=\"elementor-column elementor-col-50 elementor-top-column elementor-element elementor-element-0bda21a\" data-id=\"0bda21a\" data-element_type=\"column\">\n\t\t\t<div class=\"elementor-widget-wrap elementor-element-populated\">\n\t\t\t\t\t\t<div class=\"elementor-element elementor-element-5e150dd elementor-widget elementor-widget-text-editor\" data-id=\"5e150dd\" data-element_type=\"widget\" data-widget_type=\"text-editor.default\">\n\t\t\t\t<div class=\"elementor-widget-container\">\n\t\t\t<style>\/*! elementor - v3.23.0 - 05-08-2024 *\/\n.elementor-widget-text-editor.elementor-drop-cap-view-stacked .elementor-drop-cap{background-color:#69727d;color:#fff}.elementor-widget-text-editor.elementor-drop-cap-view-framed .elementor-drop-cap{color:#69727d;border:3px solid;background-color:transparent}.elementor-widget-text-editor:not(.elementor-drop-cap-view-default) .elementor-drop-cap{margin-top:8px}.elementor-widget-text-editor:not(.elementor-drop-cap-view-default) .elementor-drop-cap-letter{width:1em;height:1em}.elementor-widget-text-editor .elementor-drop-cap{float:left;text-align:center;line-height:1;font-size:50px}.elementor-widget-text-editor .elementor-drop-cap-letter{display:inline-block}<\/style>\t\t\t\t<p>(Klikkaa kuvaa suuremmaksi)<\/p>\t\t\t\t\t\t<\/div>\n\t\t\t\t<\/div>\n\t\t\t\t<div class=\"elementor-element elementor-element-c9eec8a elementor-widget elementor-widget-image\" data-id=\"c9eec8a\" data-element_type=\"widget\" data-widget_type=\"image.default\">\n\t\t\t\t<div class=\"elementor-widget-container\">\n\t\t\t<style>\/*! elementor - v3.23.0 - 05-08-2024 *\/\n.elementor-widget-image{text-align:center}.elementor-widget-image a{display:inline-block}.elementor-widget-image a img[src$=\".svg\"]{width:48px}.elementor-widget-image img{vertical-align:middle;display:inline-block}<\/style>\t\t\t\t\t\t\t\t\t\t\t<a href=\"https:\/\/www.finngedi.fi\/wp-content\/uploads\/2023\/02\/Opaskartta1.png\">\n\t\t\t\t\t\t\t<img fetchpriority=\"high\" decoding=\"async\" width=\"993\" height=\"828\" src=\"https:\/\/www.finngedi.fi\/wp-content\/uploads\/2023\/02\/Opaskartta1.png\" class=\"attachment-large size-large wp-image-271\" alt=\"\" srcset=\"https:\/\/www.finngedi.fi\/wp-content\/uploads\/2023\/02\/Opaskartta1.png 993w, https:\/\/www.finngedi.fi\/wp-content\/uploads\/2023\/02\/Opaskartta1-300x250.png 300w, https:\/\/www.finngedi.fi\/wp-content\/uploads\/2023\/02\/Opaskartta1-768x640.png 768w\" sizes=\"(max-width: 993px) 100vw, 993px\" \/>\t\t\t\t\t\t\t\t<\/a>\n\t\t\t\t\t\t\t\t\t\t\t\t\t<\/div>\n\t\t\t\t<\/div>\n\t\t\t\t\t<\/div>\n\t\t<\/div>\n\t\t\t\t<div class=\"elementor-column elementor-col-50 elementor-top-column elementor-element elementor-element-d8979cf\" data-id=\"d8979cf\" data-element_type=\"column\">\n\t\t\t<div class=\"elementor-widget-wrap elementor-element-populated\">\n\t\t\t\t\t\t<div class=\"elementor-element elementor-element-2a9cec6 elementor-widget elementor-widget-heading\" data-id=\"2a9cec6\" data-element_type=\"widget\" data-widget_type=\"heading.default\">\n\t\t\t\t<div class=\"elementor-widget-container\">\n\t\t\t<style>\/*! elementor - v3.23.0 - 05-08-2024 *\/\n.elementor-heading-title{padding:0;margin:0;line-height:1}.elementor-widget-heading .elementor-heading-title[class*=elementor-size-]>a{color:inherit;font-size:inherit;line-height:inherit}.elementor-widget-heading .elementor-heading-title.elementor-size-small{font-size:15px}.elementor-widget-heading .elementor-heading-title.elementor-size-medium{font-size:19px}.elementor-widget-heading .elementor-heading-title.elementor-size-large{font-size:29px}.elementor-widget-heading .elementor-heading-title.elementor-size-xl{font-size:39px}.elementor-widget-heading .elementor-heading-title.elementor-size-xxl{font-size:59px}<\/style><h2 class=\"elementor-heading-title elementor-size-default\">Saapuminen<\/h2>\t\t<\/div>\n\t\t\t\t<\/div>\n\t\t\t\t<div class=\"elementor-element elementor-element-4ddc537 elementor-widget elementor-widget-text-editor\" data-id=\"4ddc537\" data-element_type=\"widget\" data-widget_type=\"text-editor.default\">\n\t\t\t\t<div class=\"elementor-widget-container\">\n\t\t\t\t\t\t\t<p><strong>1. Tutkimushoitajan tekem\u00e4 terveystarkastus<\/strong> <br \/>OYS vanha rakennusosa N-sis\u00e4\u00e4nk\u00e4ynti, N2, 3. kerros<br \/>Entinen \u00e4itiyspoliklinikka<br \/>Kajaanintie 50, 90220 Oulu<\/p><p>Tutkimushoitajan k\u00e4ynnilt\u00e4 korvaamme pys\u00e4k\u00f6innin, mik\u00e4li pys\u00e4k\u00f6it autosi avohoitotalon parkkihalliin P6 Kiviharjuntie 9 tai Sairaalaparkin P-taloon Kiviharjuntie 5. Jos tulet tutkimushoitajan k\u00e4ynnille Kiviharjuntien puolelta, sis\u00e4\u00e4nk\u00e4ynti G, seuraa sairaalan sis\u00e4ll\u00e4 opasteita N2, 3.kerros, tai FinnGeDi julisteita. Pys\u00e4k\u00f6intilipuketta vastaan saat tutkimushoitajak\u00e4ynnin p\u00e4\u00e4tteeksi arvolipun, jolla voit maksaa pys\u00e4k\u00f6innin.<\/p><p><strong>2. Suun terveystutkimus<\/strong><br \/>Dentopolis, <br \/>Aapistie 3 A, 90220 Oulu<\/p><p>Dentopoliksen edustalla on maksullinen pys\u00e4k\u00f6intialue. Tutkimushuoneen Dentopoliksessa l\u00f6yd\u00e4t saavuttuasi p\u00e4\u00e4ovesta tuloaulaan ja seuraamalla oikealle k\u00e4yt\u00e4v\u00e4\u00e4n l\u00e4htev\u00e4\u00e4 FinnGeDi -opastusta. Tutkimushuoneen l\u00e4heisyyteen k\u00e4yt\u00e4v\u00e4lle on varattu FinnGeDi -odotusalue, josta hoitaja hakee sinut tutkimukseen.<\/p><p><strong>3. Kaulasuonten ultra\u00e4\u00e4nitutkimus<\/strong><br \/>Avohoitotalon r\u00f6ntgen, G-r\u00f6ntgen<br \/>Kiviharjuntie 9, 90220 Oulu<br \/>Sis\u00e4\u00e4nk\u00e4ynti G, R-kerros (katutaso)<\/p><p><strong>4. Yl\u00e4vatsan magneettitutkimus<\/strong><br \/>Lasten r\u00f6ntgen, B-r\u00f6ntgen<br \/>Kajaanintie 50, 90220 Oulu<br \/>Sis\u00e4\u00e4nk\u00e4ynti LB, L6, R-kerros<\/p><p>Kuvantamistutkimuksiin tullessasi voit pys\u00e4k\u00f6id\u00e4 autosi sairaalan l\u00e4heisyydess\u00e4 oleville maksullisille P-alueille. Tutkimusk\u00e4ynneille ei tarvitse ilmoittautua erikseen, tutkimushenkil\u00f6kunta hakee sinut tutkimukseen odotusaulasta.<\/p>\t\t\t\t\t\t<\/div>\n\t\t\t\t<\/div>\n\t\t\t\t<div class=\"elementor-element elementor-element-2f0cc69 elementor-align-left elementor-widget elementor-widget-button\" data-id=\"2f0cc69\" data-element_type=\"widget\" data-widget_type=\"button.default\">\n\t\t\t\t<div class=\"elementor-widget-container\">\n\t\t\t\t\t<div class=\"elementor-button-wrapper\">\n\t\t\t<a class=\"elementor-button elementor-button-link elementor-size-sm\" href=\"https:\/\/www.finngedi.fi\/index.php\/yhteystiedot\/\">\n\t\t\t\t\t\t<span class=\"elementor-button-content-wrapper\">\n\t\t\t\t\t\t\t\t\t<span class=\"elementor-button-text\">Yhteystiedot<\/span>\n\t\t\t\t\t<\/span>\n\t\t\t\t\t<\/a>\n\t\t<\/div>\n\t\t\t\t<\/div>\n\t\t\t\t<\/div>\n\t\t\t\t<div class=\"elementor-element elementor-element-60dc86c elementor-align-left elementor-widget elementor-widget-button\" data-id=\"60dc86c\" data-element_type=\"widget\" data-widget_type=\"button.default\">\n\t\t\t\t<div class=\"elementor-widget-container\">\n\t\t\t\t\t<div class=\"elementor-button-wrapper\">\n\t\t\t<a class=\"elementor-button elementor-button-link elementor-size-sm\" href=\"https:\/\/www.finngedi.fi\/index.php\/ajanvaraus\/\">\n\t\t\t\t\t\t<span class=\"elementor-button-content-wrapper\">\n\t\t\t\t\t\t\t\t\t<span class=\"elementor-button-text\">Ajanvaraus<\/span>\n\t\t\t\t\t<\/span>\n\t\t\t\t\t<\/a>\n\t\t<\/div>\n\t\t\t\t<\/div>\n\t\t\t\t<\/div>\n\t\t\t\t\t<\/div>\n\t\t<\/div>\n\t\t\t\t\t<\/div>\n\t\t<\/section>\n\t\t\t\t<\/div>\n\t\t","protected":false},"excerpt":{"rendered":"<p>(Klikkaa kuvaa suuremmaksi) Saapuminen 1. Tutkimushoitajan tekem\u00e4 terveystarkastus OYS vanha rakennusosa N-sis\u00e4\u00e4nk\u00e4ynti, N2, 3. kerrosEntinen \u00e4itiyspoliklinikkaKajaanintie 50, 90220 Oulu Tutkimushoitajan k\u00e4ynnilt\u00e4 korvaamme pys\u00e4k\u00f6innin, mik\u00e4li pys\u00e4k\u00f6it autosi avohoitotalon parkkihalliin P6 Kiviharjuntie 9 tai Sairaalaparkin P-taloon Kiviharjuntie 5. Jos tulet tutkimushoitajan k\u00e4ynnille Kiviharjuntien puolelta, sis\u00e4\u00e4nk\u00e4ynti G, seuraa sairaalan sis\u00e4ll\u00e4 opasteita N2, 3.kerros, tai FinnGeDi julisteita. Pys\u00e4k\u00f6intilipuketta vastaan [&hellip;]<\/p>\n","protected":false},"author":1,"featured_media":0,"parent":0,"menu_order":0,"comment_status":"closed","ping_status":"closed","template":"elementor_header_footer","meta":{"om_disable_all_campaigns":false,"_monsterinsights_skip_tracking":false,"_monsterinsights_sitenote_active":false,"_monsterinsights_sitenote_note":"","_monsterinsights_sitenote_category":0},"aioseo_notices":[],"_links":{"self":[{"href":"https:\/\/www.finngedi.fi\/index.php\/wp-json\/wp\/v2\/pages\/27"}],"collection":[{"href":"https:\/\/www.finngedi.fi\/index.php\/wp-json\/wp\/v2\/pages"}],"about":[{"href":"https:\/\/www.finngedi.fi\/index.php\/wp-json\/wp\/v2\/types\/page"}],"author":[{"embeddable":true,"href":"https:\/\/www.finngedi.fi\/index.php\/wp-json\/wp\/v2\/users\/1"}],"replies":[{"embeddable":true,"href":"https:\/\/www.finngedi.fi\/index.php\/wp-json\/wp\/v2\/comments?post=27"}],"version-history":[{"count":45,"href":"https:\/\/www.finngedi.fi\/index.php\/wp-json\/wp\/v2\/pages\/27\/revisions"}],"predecessor-version":[{"id":416,"href":"https:\/\/www.finngedi.fi\/index.php\/wp-json\/wp\/v2\/pages\/27\/revisions\/416"}],"wp:attachment":[{"href":"https:\/\/www.finngedi.fi\/index.php\/wp-json\/wp\/v2\/media?parent=27"}],"curies":[{"name":"wp","href":"https:\/\/api.w.org\/{rel}","templated":true}]}}